{"id":540,"date":"2024-06-20T23:31:34","date_gmt":"2024-06-20T21:31:34","guid":{"rendered":"http:\/\/zparp.pl\/?page_id=540"},"modified":"2024-06-20T23:31:34","modified_gmt":"2024-06-20T21:31:34","slug":"oddzial-koszalinski","status":"publish","type":"page","link":"https:\/\/zparp.pl\/?page_id=540","title":{"rendered":"Oddzia\u0142 Koszali\u0144ski"},"content":{"rendered":"\n<p><strong>Art. plast. Wies\u0142awa Kurowska prezes Oddzia\u0142u Koszali\u0144skiego<\/strong>.<\/p>\n\n\n\n<p>Jest znan\u0105 i cenion\u0105 artystk\u0105 w \u015brodowisku koszali\u0144skim \u2013 obecnie tworz\u0105c\u0105 w dziedziniemalarstwa. Dzia\u0142alno\u015b\u0107 artystyczn\u0105 rozpocz\u0119\u0142a w po\u0142owie lat sze\u015b\u0107dziesi\u0105tych ucz\u0119szczaj\u0105c do Ogniska Kultury Plastycznej. W nast\u0119pnych latach zaj\u0119\u0142a si\u0119 haftem gobelinowym \u2013 wyszywaj\u0105c t\u0105 technik\u0105 r\u00f3\u017cne obrazy. Malarstwem zaj\u0119\u0142a si\u0119 uczestnicz\u0105c w zaj\u0119ciach i wystawach Koszali\u0144skiego Klubu Nauczycieli Plastyk\u00f3w-Tw\u00f3rc\u00f3w od roku 1996. Ca\u0142y czas doskonali sw\u00f3j warsztat plastyczny wsp\u00f3\u0142pracuj\u0105c z wieloma stowarzyszeniami tw\u00f3rczymi &#8211; jak Stowarzyszenie Marynist\u00f3w Polskich, Zesp\u00f3\u0142 Pracy Tw\u00f3rczej Plastyki, a nast\u0119pnie dostaje si\u0119 na podstawie prac i dorobku tw\u00f3rczego do Zwi\u0105zku Artyst\u00f3w Plastyk\u00f3w a nast\u0119pnie do Zwi\u0105zku Plastyk\u00f3w Artyst\u00f3w RP- otrzymuj\u0105c tytu\u0142 artysty plastyka . Bierze czynny udzia\u0142 w wielu wystawach zbiorowych i indywidualnych w galeriach Koszalina a tak\u017ce w innych miastach w kraju.<\/p>\n\n\n\n<p>Bra\u0142a te\u017c udzia\u0142 w licznych plenerach i wystawach og\u00f3lnopolskich m.in. w: I Og\u00f3lnopolskim Biennale Plastyki `D\u0105browa G\u00f3rnicza 2012; Og\u00f3lnopolska Wystawa Marynistyczna w Galerii \u201eN\u201d \u2013 2010, 2011, 12,13,14,15; Og\u00f3lnopolskie Wystawy Marynist\u00f3w Polskich m.in. w Galerii Sztuki Wsp\u00f3\u0142czesnej w Ustce 2007; Og\u00f3lnopolska Wystawa Marynistyczna w Galerii\u201d Centrum\u201d w CEN w Koszalinie, Og\u00f3lnopolska Wystawa Marynistyczna w Galerii KSM \u201eBa\u0142tyk 2013; Og\u00f3lnopolska Wystawa Marynistyczna w Galerii \u201eMasarnia\u201d w Grodzisku Wlkp.2013; Og\u00f3lnopolskie wystawy z okazji Dni Koszalina pt. \u201eKoszalin i inne zak\u0105tki Polski\u201d &#8211; Galeria \u201eN\u201d 2010, 2011, 12,13,14; Og\u00f3lnopolska Wystawa Zbiorowa w Z\u0142otowie w Centrum \u201eCztery Pi\u0119tra Sztuki\u201d 2013; Og\u00f3lnopolski Plener \u201eWarblewo 2012\u201d , 2014; Bierze te\u017c systematycznie udzia\u0142 w plenerach i dorocznych wystawach organizowanych przez ZPARP Oddzia\u0142 Koszali\u0144ski. W bogatym kalendarzu wystaw zbiorowych i plener\u00f3w nie ma\u0142e miejsce zajmuj\u0105 te\u017c wystawy indywidualne Wies\u0142awy Kurowskiej, kt\u00f3re mia\u0142y miejsce w Galerii Klubu KSM \u201eBa\u0142tyk\u201d , W Galerii Jednego Autora Klubu KSM \u201eNa Skarpie\u201d , W Galerii \u201eN\u201d w Koszalinie, w Polanowie, w \u201eGalerii Na Zamku\u201d w Po\u0142czynie Zdr\u00f3j.<\/p>\n\n\n\n<p>Wies\u0142awa Kurowska po\u015bwi\u0119ca du\u017co swojego czasu na prac\u0119 spo\u0142eczn\u0105 na rzecz ZPARP pomagaj\u0105c przy aran\u017cacjach wystaw, dowozie prac na wystawy, pomaga promowa\u0107 koszali\u0144skich artyst\u00f3w w mediach oraz na portalach spo\u0142eczno\u015bciowych. W roku 2014 Artystka szczeg\u00f3lnie wyr\u00f3\u017cnia\u0142a si\u0119 w swojej pracy tw\u00f3rczej bior\u0105c udzia\u0142 w licznych wystawach og\u00f3lnopolskich promuj\u0105c przez to koszali\u0144sk\u0105 kultur\u0119 plastyczn\u0105<strong>.<\/strong><\/p>\n\n\n\n<p>W latach 2001 \u2013 2014 nale\u017ca\u0142a do Stowarzyszenia &#8211; Zesp\u00f3\u0142 Pracy Tw\u00f3rczej Plastyki (ZPTP) &#8211; w kt\u00f3rym pe\u0142ni\u0142a funkcj\u0119 skarbnika od 2005- 2008 a nast\u0119pnie wiceprezesa w latach 2008-2012.<br>Swoje umiej\u0119tno\u015bci plastyczne zdobywa\u0142a, rozwija\u0142a&nbsp;i doskonali\u0142a m.in. w Ognisku Kultury Plastycznej w Koszalinie. Przez kilka lat ucz\u0119szcza\u0142a na zaj\u0119cia warsztatowe z plastyki do Klubu Nauczyciela w Koszalinie. Bra\u0142a czynny udzia\u0142 w wystawach zbiorowych Koszali\u0144skiego Klubu Nauczycieli Plastyk\u00f3w-Tw\u00f3rc\u00f3w. W czasie warsztat\u00f3w w Galerii \u201eN\u201d- z malarstwa na szkle, zafascynowa\u0142a si\u0119 t\u0105 technik\u0105 i zacz\u0119\u0142a tworzy\u0107 bardzo interesuj\u0105ce motywy na szkle u\u017cytkowym. Od 1999 roku uprawia malarstwo sztalugowe olejne. Jej pasj\u0105 s\u0105 kwiaty. Uk\u0142ada pi\u0119kne bukiety, a zauroczona ich niezwyk\u0142\u0105 urod\u0105 &#8211; bacznie studiuje ich struktur\u0119. Wies\u0142awa Kurowska to Artystka niezwykle pracowita o bogatym i wra\u017cliwym wn\u0119trzu artystycznym. Kolekcjonuje najr\u00f3\u017cniejsze wydawnictwa z malarstwa i bacznie je studiuje. Przedmioty na Jej obrazach maj\u0105 swoisty urok &#8211; rzec by mo\u017cna, \u017ce Artystka przelewa w nie ca\u0142\u0105 swoj\u0105 dusz\u0119. Na Jej obrazach kwiaty pachn\u0105. Opr\u00f3cz kwiat\u00f3w fascynuje J\u0105 malarstwo marynistyczne. Spod Jej p\u0119dzla wysz\u0142o mn\u00f3stwo interesuj\u0105cych prac marynistycznych, kt\u00f3re zdobi\u0105 wn\u0119trza wielu organizator\u00f3w plener\u00f3w.<\/p>\n\n\n\n<p>Prace Wies\u0142awy Kurowskiej znajduj\u0105 si\u0119 w kolekcji r\u00f3\u017cnych instytucji oraz u os\u00f3b prywatnych w kraju i za granic\u0105.<\/p>\n\n\n\n<p>Otrzyma\u0142a: Srebrny Krzy\u017c Zas\u0142ugi,<\/p>\n\n\n\n<p>Odznak\u0119 honorow\u0105 ,,Zas\u0142u\u017cony dla Kultury Polskiej\u201d,<\/p>\n\n\n\n<p>Nagrod\u0119 Prezydenta Koszalina.<br><\/p>\n","protected":false},"excerpt":{"rendered":"<p>Art. plast. Wies\u0142awa Kurowska prezes Oddzia\u0142u Koszali\u0144skiego. Jest znan\u0105 i cenion\u0105 artystk\u0105 w \u015brodowisku koszali\u0144skim \u2013 obecnie tworz\u0105c\u0105 w dziedziniemalarstwa. Dzia\u0142alno\u015b\u0107 artystyczn\u0105 rozpocz\u0119\u0142a w po\u0142owie lat sze\u015b\u0107dziesi\u0105tych ucz\u0119szczaj\u0105c do Ogniska Kultury Plastycznej. W nast\u0119pnych latach zaj\u0119\u0142a si\u0119 haftem gobelinowym \u2013 wyszywaj\u0105c t\u0105 technik\u0105 r\u00f3\u017cne obrazy. Malarstwem zaj\u0119\u0142a si\u0119 uczestnicz\u0105c w zaj\u0119ciach i wystawach Koszali\u0144skiego Klubu [&hellip;]<\/p>\n","protected":false},"author":1,"featured_media":0,"parent":0,"menu_order":0,"comment_status":"closed","ping_status":"closed","template":"","meta":{"footnotes":""},"class_list":["post-540","page","type-page","status-publish","hentry"],"_links":{"self":[{"href":"https:\/\/zparp.pl\/index.php?rest_route=\/wp\/v2\/pages\/540","targetHints":{"allow":["GET"]}}],"collection":[{"href":"https:\/\/zparp.pl\/index.php?rest_route=\/wp\/v2\/pages"}],"about":[{"href":"https:\/\/zparp.pl\/index.php?rest_route=\/wp\/v2\/types\/page"}],"author":[{"embeddable":true,"href":"https:\/\/zparp.pl\/index.php?rest_route=\/wp\/v2\/users\/1"}],"replies":[{"embeddable":true,"href":"https:\/\/zparp.pl\/index.php?rest_route=%2Fwp%2Fv2%2Fcomments&post=540"}],"version-history":[{"count":1,"href":"https:\/\/zparp.pl\/index.php?rest_route=\/wp\/v2\/pages\/540\/revisions"}],"predecessor-version":[{"id":541,"href":"https:\/\/zparp.pl\/index.php?rest_route=\/wp\/v2\/pages\/540\/revisions\/541"}],"wp:attachment":[{"href":"https:\/\/zparp.pl\/index.php?rest_route=%2Fwp%2Fv2%2Fmedia&parent=540"}],"curies":[{"name":"wp","href":"https:\/\/api.w.org\/{rel}","templated":true}]}}