{"id":615,"date":"2025-12-12T14:10:00","date_gmt":"2025-12-12T13:10:00","guid":{"rendered":"http:\/\/zparp.pl\/?page_id=615"},"modified":"2025-12-18T23:43:47","modified_gmt":"2025-12-18T22:43:47","slug":"artysci","status":"publish","type":"page","link":"http:\/\/zparp.pl\/?page_id=615","title":{"rendered":"Arty\u015bci"},"content":{"rendered":"\n<h2 class=\"wp-block-heading\">Oddzia\u0142 Pilski:<\/h2>\n\n\n\n<h2 class=\"wp-block-heading\">Iwona Szkopi\u0144ska-Kubska<\/h2>\n\n\n\n<p>Iwona Szkopi\u0144ska-Kubska jest znan\u0105 i uznan\u0105 artystk\u0105 plastyczk\u0105. Jest laureatk\u0105 Og\u00f3lnopolskiego Konkursu Plastycznego Salon Wielkopolski 2008 oraz laureatk\u0105 Og\u00f3lnopolskiego Biennale Plastyki D\u0105browa G\u00f3rnicza 2012. Otrzyma\u0142a Nagrod\u0119 Publiczno\u015bci w Konkursie Wielka Wystawa Wszystko Ju\u017c By\u0142o w 1996r. w Pile. Otrzyma\u0142a r\u00f3wnie\u017c kilkukrotnie Nagrody Publiczno\u015bci w Og\u00f3lnopolskim Konkursie Plastycznym Salon Wielkopolski w Czarnkowie w latach 2004, 2008 i 2017r. Niekt\u00f3rzy Znawcy twierdz\u0105, \u017ce Nagroda Publiczno\u015bci jest bardziej cenna i prawdziwa od innych nagr\u00f3d. Otrzyma\u0142a r\u00f3wnie\u017c najwy\u017csz\u0105 nagrod\u0119 Zwi\u0105zku Plastyk\u00f3w Artyst\u00f3w Rzeczpospolitej Polskiej ,,Z\u0142ot\u0105 Sztalug\u0119\u201d za tw\u00f3rczo\u015b\u0107 artystyczn\u0105 i prac\u0119 spo\u0142eczn\u0105 na rzecz zwi\u0105zku w 2020r. W og\u00f3lnopolskim Biennale Plastycznym D\u0105browa G\u00f3rnicza 2012 otrzyma\u0142a ,,Nagrod\u0119 Starosty Pilskiego\u201d. Na Og\u00f3lnopolskim Konkursie Plastycznym Salon Wielkopolski otrzyma\u0142a wyr\u00f3\u017cnienie od pos\u0142a RP Piotra Wa\u015bko w Czarnkowie w 2009r. jak r\u00f3wnie\u017c wyr\u00f3\u017cnienie w Og\u00f3lnopolskim Biennale Plastyki Grodzisk Wielkopolski 2014.<br>Uprawia malarstwo sztalugowe oraz malarstwo \u015bcienne. Przyk\u0142adem malarstwa \u015bciennego jest \u015bciana budynku przedszkola w miejscowo\u015bci Szczecinek gdzie obraz 6x12m utrzymany jest w konwencji realistycznej. Bocian przedstawiony mi\u0119dzy innymi zwierz\u0119tami i ro\u015blinami jest wi\u0119kszy od cz\u0142owieka. Jej pejza\u017ce w technice akwareli zachwycaj\u0105 lekko\u015bci\u0105 i kolorytem. Specjalizuje si\u0119 te\u017c w rysowaniu o\u0142\u00f3wkiem portret\u00f3w. Wykonuje perfekcyjnie kopie Brandta i Kossaka a jej ulubione temat to konie, dworki polskie i pi\u0119kno przyrody.<br>Artystka stworzy\u0142a cykl obraz\u00f3w ,,Jam Dw\u00f3r Polski\u201d. Prace s\u0105 dokumentacj\u0105 istniej\u0105cych dwork\u00f3w jak te\u017c dwork\u00f3w zniszczonych, zapomnianych i nie istniej\u0105cych. Jako regionalistka dokumentuje dworki z terenu powiatu pilskiego oraz z Wielkopolski i kraju. Podstaw\u0105 do tworzenia tego cyklu by\u0142a i jest nowo tworzona dokumentacja fotograficzna sporz\u0105dzana przez Artystk\u0119, kt\u00f3ra poszukuje w okolicy interesuj\u0105cych dawnych dwork\u00f3w. Przy okazji tych poszukiwa\u0144 fotografuje kapliczki, kt\u00f3re r\u00f3wnie\u017c s\u0105 tematem jej obraz\u00f3w. Ciekaw\u0105 interpretacj\u0119 architektury zaprezentowa\u0142a maluj\u0105c cykl ,,Nokturny\u201d. S\u0105 to obiekty w nocnym widoku, cz\u0119sto barwnie o\u015bwietlone co na malowanym obrazie daje wyrazisty kontrast kolor\u00f3w.<br>W dorobku swoim posiada 30 wystawy indywidualne i ok. 40 wystawy zbiorowych. Jej prace znajduj\u0105 si\u0119 w zbiorach muzealnych, galeriach pa\u0144stwowych i prywatnych np. Galeria Stajnia w Pile oraz za granic\u0105: Niemcy, Francja, Japonia.<\/p>\n\n\n\n<p>Organizuje wystawy zbiorowe cz\u0142onk\u00f3w naszego Zwi\u0105zku. Np. w Galerii ,,Na Poddaszu\u201d w ANS ul. Podchor\u0105\u017cych przygotowa\u0142a 2 wystawy poplenerowe czy wystaw\u0119 ,,Prezes\u00f3w\u201d . Du\u017cym osi\u0105gni\u0119ciem by\u0142o zorganizowanie od podstaw<br>\u0142\u0105cznie z opracowaniem dokument\u00f3w organizacyjno- prawnych Domu Aukcyjnego przy Galerii Stajnia w Pile ul. Przemys\u0142owa.<br>Pani Iwona Szkopi\u0144ska-Kubska w 2021 roku pe\u0142ni\u0142a funkcj\u0119 Komisarza organizacyjnego Mi\u0119dzynarodowego Pleneru Plastycznego online imienia Jerzego Dudy Gracza ,, Pi\u0142a 21&#8243;. Prac\u0119 Komisarza zako\u0144czy\u0142a w 2022r. wystaw\u0105 poplenerow\u0105 w Galerii Na Poddaszu w ANS w Pile przy ul. Podchor\u0105\u017cych. W nast\u0119pnym, 2022 roku r\u00f3wnie\u017c przygotowywa\u0142a Og\u00f3lnopolski Plener Plastyczny imienia Jerzego Dudy-Gracza &#8222;Pi\u0142a 22&#8221;. Zorganizowa\u0142a wystaw\u0119 poplenerow\u0105, zebra\u0142a i opracowa\u0142a materia\u0142y ze zdj\u0119ciami prac i informacjami o artystach, na podstawie kt\u00f3rych powsta\u0142 katalog.<br>Prowadzi\u0142a prace zwi\u0105zane z obchodami Jubileuszu 55.lecia pracy tw\u00f3rczej<br>i 80.urodzin Prezesa Zarz\u0105du Krajowego ZPARP. Wystawa Jubileuszowa odby\u0142a si\u0119 27.09.2021 w RCK w Pile gdzie wykona\u0142a ca\u0142\u0105 aran\u017cacj\u0119 i w GOK w Bia\u0142ej w woj. \u0142\u00f3dzkim.<br><strong>Odznaczenia:<\/strong><\/p>\n\n\n\n<ul class=\"wp-block-list\">\n<li>Uhonorowana przez Prezydenta RP Br\u0105zowym Krzy\u017cem Zas\u0142ugi za osi\u0105gni\u0119cia<br>w dziedzinie tw\u00f3rczo\u015bci plastycznej 2009r.<\/li>\n\n\n\n<li>Odznaka Honorowa ,,Zas\u0142u\u017cony dla Kultury Polskiej\u201d od Ministra Kultury 2015r.<\/li>\n\n\n\n<li>Odznaka Honorowa ,,Za Zas\u0142ugi dla Wojew\u00f3dztwa Wielkopolskiego\u201d od Marsza\u0142ka<br>Wojew\u00f3dztwa Wielkopolskiego 2015r.<br>Wa\u017cniejsze wystawy indywidualne:<\/li>\n\n\n\n<li>Dom Kultury Trzcianka 1992r.<\/li>\n\n\n\n<li>Galeria Akwarium Pi\u0142a 2001r.<\/li>\n\n\n\n<li>Galeria Labirynt Pi\u0142a 2004r.<\/li>\n\n\n\n<li>Galeria Akwarium Pi\u0142a 2004r.<\/li>\n\n\n\n<li>Galeria Labirynt Pi\u0142a 2005r.<\/li>\n\n\n\n<li>BWA Pi\u0142a 2008r.<\/li>\n\n\n\n<li>Dom Kultury Lubasz 2008r.<\/li>\n\n\n\n<li>Miejskie Centrum Kultury Czarnk\u00f3w 2009r.<\/li>\n\n\n\n<li>M\u0142odzie\u017cowy Dom Kultury Chodzie\u017c 2009r.<\/li>\n\n\n\n<li>Galeria Na Poddaszu Pi\u0142a 2009r.<\/li>\n\n\n\n<li>Budzy\u0144 GOK 2013r.<br>Udzia\u0142 w wystawach zbiorowych m.in.:<\/li>\n\n\n\n<li>,,Wielka Wystawa Wszystko Ju\u017c By\u0142o\u201d1996r.<\/li>\n\n\n\n<li>,,Salon Wielkopolski\u201d 2003, 2008, 2009r.<\/li>\n\n\n\n<li>Doroczny Przegl\u0105d Zwi\u0105zku Artyst\u00f3w Plastyk\u00f3w 1998, 2001, 2003, 2004,<br>2005, 2007r.<\/li>\n\n\n\n<li>Galeria Wodziwoda Bory Tucholskie 2013r.<\/li>\n\n\n\n<li>Galeria Klubu Ba\u0142tyk Koszalin 2014r.<br>-Galeria Art. Deco Wielu\u0144 ,,Laureaci Ziemi Wielu\u0144skiej\u201d 2016r.<br>-Galeria ,,Na Skarpie\u201d Koszalin 2016 i 2017r.<br>Inne aran\u017cacje:<\/li>\n\n\n\n<li>wystawy ,,Laureaci Ziemi Pilskiej\u201d<\/li>\n\n\n\n<li>wystawy w Domu Aukcyjnym Stajnia w Pile<\/li>\n\n\n\n<li>wystawy w Galerii Secesja w Chodzie\u017cy<\/li>\n\n\n\n<li>wystawy Poplenerowej w Bielskiej Strudze w Borach Tucholskich w r\u00f3\u017cnych latach Pani Iwona Szkopi\u0144ska-Kubska od 16 lat pe\u0142ni funkcj\u0119 sekretarza Zarz\u0105du Krajowego Zwi\u0105zku wykazuj\u0105c w swojej pracy spo\u0142ecznej ogromne zaanga\u017cowanie, dok\u0142adno\u015b\u0107 i sumienno\u015b\u0107. Dodatkowo od 7 lat pe\u0142ni spo\u0142ecznie obowi\u0105zki Dyrektora Biura Zarz\u0105du Krajowego. Obydwie te funkcje obliguj\u0105 j\u0105 do ci\u0119\u017ckiej pracy papierowej. Opracowuje i sporz\u0105dza wnioski o nagrody i odznaczenia dla artyst\u00f3w naszego Zwi\u0105zku do w\u0142adz powiatowych, wojew\u00f3dzkich oraz krajowych.<br>Zwi\u0105zek zrzesza kilkuset cz\u0142onk\u00f3w z ca\u0142ej Polski wi\u0119c praca poch\u0142ania wiele czasu i po\u015bwi\u0119cenia.<br>Dla artyst\u00f3w nale\u017c\u0105cych do zwi\u0105zku projektuje bezp\u0142atnie wizyt\u00f3wki, zaproszenia, katalogi. Propaguje plastyk\u0119 w\u015br\u00f3d dzieci , m\u0142odzie\u017cy i doros\u0142ych prowadz\u0105c podstawy warsztatu tw\u00f3rczego. Na imprezach regionalnych Powiatu Pilskiego cz\u0119sto wystawia sztalug\u0119 i maluje co cieszy si\u0119 du\u017cym zainteresowaniem. Bywa\u0142o i tak, \u017ce dawa\u0142a p\u0119dzel do r\u0119ki osobom ch\u0119tnym aby oni te\u017c nanie\u015bli farb\u0119 na p\u0142\u00f3tno. W obrazach Iwony Szkopi\u0144skiej-Kubskiej dominuje tematyka regionalna. W pracowni s\u0142u\u017cy rad\u0105 i pomoc\u0105 m\u0142odym artystom. Tw\u00f3rczo\u015b\u0107 Iwony Szkopo\u0144skiej-Kubskiej by\u0142a niejednokrotnie publikowana w prasie. Wielokrotnie przekazywa\u0142a swoje prace na aukcj\u0119 prowadzon\u0105 przez Warsztaty Terapii Zaj\u0119ciowej jak r\u00f3wnie\u017c na Wielk\u0105 Orkiestr\u0119 \u015awi\u0105tecznej Pomocy. Spo\u0142ecznie wykona\u0142a renowacj\u0119 zabytkowych p\u0142askorze\u017ab drogi krzy\u017cowej w 1986r. w ko\u015bciele w G\u0142ubczynie gm. Krajenka.<br>Pani Iwona Szkopi\u0144ska-Kubska jest uzdolnion\u0105 i pracowit\u0105 artystk\u0105 plastyczk\u0105, kt\u00f3ra swoimi pracami prezentowanymi na wystawach w regionie daje wiele dozna\u0144 artystycznych ogl\u0105daj\u0105cym co dowodem s\u0105 kilkukrotne Nagrody Publiczno\u015bci.<br>Jest skrupulatn\u0105 regionalistk\u0105, kt\u00f3ra dokumentuje przez obrazy dworki, kapliczki, wiatraki, ko\u015bcio\u0142y.<br>Przedstawiana m.in. zabytkowa architektura a w szczeg\u00f3lno\u015bci dworki z powiatu pilskiego promuj\u0105 nasz region i przypominaj\u0105 o naszej polskiej tradycji.<\/li>\n<\/ul>\n","protected":false},"excerpt":{"rendered":"<p>Oddzia\u0142 Pilski: Iwona Szkopi\u0144ska-Kubska Iwona Szkopi\u0144ska-Kubska jest znan\u0105 i uznan\u0105 artystk\u0105 plastyczk\u0105. Jest laureatk\u0105 Og\u00f3lnopolskiego Konkursu Plastycznego Salon Wielkopolski 2008 oraz laureatk\u0105 Og\u00f3lnopolskiego Biennale Plastyki D\u0105browa G\u00f3rnicza 2012. Otrzyma\u0142a Nagrod\u0119 Publiczno\u015bci w Konkursie Wielka Wystawa Wszystko Ju\u017c By\u0142o w 1996r. w Pile. Otrzyma\u0142a r\u00f3wnie\u017c kilkukrotnie Nagrody Publiczno\u015bci w Og\u00f3lnopolskim Konkursie Plastycznym Salon Wielkopolski w Czarnkowie [&hellip;]<\/p>\n","protected":false},"author":1,"featured_media":0,"parent":0,"menu_order":0,"comment_status":"closed","ping_status":"closed","template":"","meta":{"footnotes":""},"class_list":["post-615","page","type-page","status-publish","hentry"],"_links":{"self":[{"href":"http:\/\/zparp.pl\/index.php?rest_route=\/wp\/v2\/pages\/615","targetHints":{"allow":["GET"]}}],"collection":[{"href":"http:\/\/zparp.pl\/index.php?rest_route=\/wp\/v2\/pages"}],"about":[{"href":"http:\/\/zparp.pl\/index.php?rest_route=\/wp\/v2\/types\/page"}],"author":[{"embeddable":true,"href":"http:\/\/zparp.pl\/index.php?rest_route=\/wp\/v2\/users\/1"}],"replies":[{"embeddable":true,"href":"http:\/\/zparp.pl\/index.php?rest_route=%2Fwp%2Fv2%2Fcomments&post=615"}],"version-history":[{"count":1,"href":"http:\/\/zparp.pl\/index.php?rest_route=\/wp\/v2\/pages\/615\/revisions"}],"predecessor-version":[{"id":616,"href":"http:\/\/zparp.pl\/index.php?rest_route=\/wp\/v2\/pages\/615\/revisions\/616"}],"wp:attachment":[{"href":"http:\/\/zparp.pl\/index.php?rest_route=%2Fwp%2Fv2%2Fmedia&parent=615"}],"curies":[{"name":"wp","href":"https:\/\/api.w.org\/{rel}","templated":true}]}}