{"id":610,"date":"2025-12-12T14:00:00","date_gmt":"2025-12-12T13:00:00","guid":{"rendered":"http:\/\/zparp.pl\/?page_id=610"},"modified":"2025-12-18T22:50:20","modified_gmt":"2025-12-18T21:50:20","slug":"oddzial-pilski","status":"publish","type":"page","link":"http:\/\/zparp.pl\/?page_id=610","title":{"rendered":"Oddzia\u0142 Pilski"},"content":{"rendered":"\n<h2 class=\"wp-block-heading\">Spis artyst\u00f3w plastyk\u00f3w cz\u0142onk\u00f3w ZPARP nale\u017c\u0105cych do Oddzia\u0142u Pilskiego<\/h2>\n\n\n\n<ol class=\"wp-block-list\">\n<li>Wac\u0142aw Kubski tel. 502\u00a0381\u00a0915, e-mail: plastycy.rp@wp.pl<\/li>\n\n\n\n<li>Danuta Dagry Grabowska tel. 663\u00a0621\u00a0200, e-mail: danutadagry@o2.pl<\/li>\n\n\n\n<li>Wojciech O\u015bcik tel. 507 444 783, e-mail: ergo23@wp.pl<\/li>\n\n\n\n<li>Iwona Szkopi\u0144ska-Kubska tel. 573\u00a0812\u00a0573, e-mail: plastycy.rp@wp.pl<\/li>\n\n\n\n<li>Zenon Grze\u015bkowiak tel. 506\u00a0400\u00a0135, e-mail: info@zenongrzeskowiak.pl<\/li>\n\n\n\n<li>Ma\u0142gorzata Widawska tel. 509\u00a0084\u00a0381, e-mail: artwskontakt@gimail.com<\/li>\n\n\n\n<li>Barbara Borysewicz tel. 792\u00a0615\u00a0107,<\/li>\n\n\n\n<li>Krzysztof Ko\u0144czewski tel. 606\u00a0366\u00a0354, e-mail: krzysztof.plastyk@wp.pl<\/li>\n\n\n\n<li>Ewa Rudnicka tel. 693\u00a0563\u00a0242, e-mail: ewajrudnicka@tlen.pl<\/li>\n\n\n\n<li>Dariusz Perucki tel. 603\u00a0680\u00a0420, e-mail: dariusz.perucki@gmail.com<\/li>\n\n\n\n<li>Bogus\u0142awa R\u00f3\u017ca\u0144ska tel. 662\u00a0300\u00a0124, e-mail: boguskar@wp.pl<\/li>\n\n\n\n<li>Piotr Kubicki tel. 512\u00a0804\u00a0908, e-mail: piotr.kubicki@vip.onet.pl<\/li>\n\n\n\n<li>Janusz Gajowiecki tel. 722\u00a0219\u00a0254, e-mail: gajowiecki@interia.pl<\/li>\n\n\n\n<li>Joanna Rutkowska tel. 512\u00a0584\u00a0085, e-mail: joaska440@gmail.com<\/li>\n\n\n\n<li>Jerzy Poszepczy\u0144ski tel. 604\u00a0609\u00a0847, e-mail: jposzepczynski@gmail.com<\/li>\n\n\n\n<li>Ma\u0142gorzata G\u00f3rska tel. 601\u00a0164\u00a0980, e-mail: roadastra@gmail.com<\/li>\n\n\n\n<li>Krystyna Noska tel. 609\u00a0197\u00a0372<\/li>\n\n\n\n<li>Roman Kie\u0142b tel. 608\u00a0507\u00a0859, e-mail: romkie@op.pl<\/li>\n\n\n\n<li>Zbigniew Juszkiewicz tel. 664\u00a0613\u00a0381, e-mail: zibi1125@wp.pl<\/li>\n\n\n\n<li>Magdalena Kosiniec tel. 793\u00a0713\u00a0924, e-mail: magda.kosiniec@wp.pl<\/li>\n<\/ol>\n\n\n\n<p><\/p>\n","protected":false},"excerpt":{"rendered":"<p>Spis artyst\u00f3w plastyk\u00f3w cz\u0142onk\u00f3w ZPARP nale\u017c\u0105cych do Oddzia\u0142u Pilskiego<\/p>\n","protected":false},"author":1,"featured_media":0,"parent":0,"menu_order":0,"comment_status":"closed","ping_status":"closed","template":"","meta":{"footnotes":""},"class_list":["post-610","page","type-page","status-publish","hentry"],"_links":{"self":[{"href":"http:\/\/zparp.pl\/index.php?rest_route=\/wp\/v2\/pages\/610","targetHints":{"allow":["GET"]}}],"collection":[{"href":"http:\/\/zparp.pl\/index.php?rest_route=\/wp\/v2\/pages"}],"about":[{"href":"http:\/\/zparp.pl\/index.php?rest_route=\/wp\/v2\/types\/page"}],"author":[{"embeddable":true,"href":"http:\/\/zparp.pl\/index.php?rest_route=\/wp\/v2\/users\/1"}],"replies":[{"embeddable":true,"href":"http:\/\/zparp.pl\/index.php?rest_route=%2Fwp%2Fv2%2Fcomments&post=610"}],"version-history":[{"count":1,"href":"http:\/\/zparp.pl\/index.php?rest_route=\/wp\/v2\/pages\/610\/revisions"}],"predecessor-version":[{"id":611,"href":"http:\/\/zparp.pl\/index.php?rest_route=\/wp\/v2\/pages\/610\/revisions\/611"}],"wp:attachment":[{"href":"http:\/\/zparp.pl\/index.php?rest_route=%2Fwp%2Fv2%2Fmedia&parent=610"}],"curies":[{"name":"wp","href":"https:\/\/api.w.org\/{rel}","templated":true}]}}